{"id":16,"date":"2024-06-12T02:33:22","date_gmt":"2024-06-12T02:33:22","guid":{"rendered":"https:\/\/eguiluzasociados.mx\/?page_id=16"},"modified":"2025-03-21T04:20:19","modified_gmt":"2025-03-21T04:20:19","slug":"inicio","status":"publish","type":"page","link":"https:\/\/eguiluzasociados.mx\/","title":{"rendered":"Inicio"},"content":{"rendered":"\n<div class=\"wp-block-cover alignfull\" style=\"min-height:686px\">\n\n        <style>\n        .responsive-img {\n            width: 100%;\n            height: auto;\n        }\n        .responsive-img > map area {\n            cursor: pointer;\n        }\n            .PanelCentral {\n                text-align: center;\n                color: white;\n                position: absolute;\n                bottom: 3% !important;\n                z-index: 100;\n                background: rgba(0,0,0,0.00);\n                margin: auto;\n                width: 100% !important;\n                text-shadow: 2px 2px 4px #000000;\n                font-family: Gotham, \"Helvetica Neue\", Helvetica, Arial, \"sans-serif\";\n                left: 50%;\n                transform: translate(-50%, 0);\n            }\n            .ContenedorPanelCentral {\n                position: relative;\nwidth: 100% !important;\n            }\n            \n@media only screen and (max-width: 600px) {\n            .PanelCentral {\n                \/* bottom: 5%;*\/\n                width: 100%;\n            }\n}\n    <\/style>\n   <div class=\"ContenedorPanelCentral\">\n       <div class=\"PanelCentral\"><h2>Brindamos Asesor\u00eda y Representaci\u00f3n Jur\u00eddica en diversas materias, siendo especialistas en \u00e1rea Laboral<\/h2><br>\n <a class=\"wp-block-button__link has-text-align-center wp-element-button\" href=\"https:\/\/eguiluzasociados.mx\/?page_id=18\" style=\"border-style:none;border-width:0px;border-radius:5px\">CONTACTO<\/a><br>\n<br>\n<\/div>\n    <img decoding=\"async\" src=\"https:\/\/eguiluzasociados.mx\/wp-content\/uploads\/2024\/10\/Portada_1732-scaled.jpg\" alt=\"Imagen con mapa\" usemap=\"#imagemap\" class=\"responsive-img\">\n<map name=\"imagemap\">\n\n    <area target=\"_self\" alt=\"Mar\u00eda de los \u00c1ngeles Eguiluz Tapia\" title=\"Mar\u00eda de los \u00c1ngeles Eguiluz Tapia\" href=\"https:\/\/eguiluzasociados.mx\/?page_id=150\" coords=\"1363,381,107\" shape=\"circle\">\n    <area target=\"\" alt=\"Guillermo Escudero G\u00f3mez\" title=\"Guillermo Escudero G\u00f3mez\" href=\"\" coords=\"841,413,96\" shape=\"circle\">\n    <area target=\"\" alt=\"Yonathan L\u00f3pez Sierra\" title=\"Yonathan L\u00f3pez Sierra\" href=\"\" coords=\"2692,203,134\" shape=\"circle\">\n    <area target=\"\" alt=\"Nayelli Bernarda Garay Bautista\" title=\"Nayelli Bernarda Garay Bautista\" href=\"\" coords=\"2286,418,112\" shape=\"circle\">\n    <area target=\"\" alt=\"M\u00f3nica \u00c1ngeles del Villar \" title=\"M\u00f3nica \u00c1ngeles del Villar \" href=\"\" coords=\"2322,172,96\" shape=\"circle\">\n    <area target=\"\" alt=\"Luis \u00c1ngel P\u00e9rez Ch\u00e1vez\" title=\"Luis \u00c1ngel P\u00e9rez Ch\u00e1vez\" href=\"\" coords=\"1242,95,95\" shape=\"circle\">\n    <area target=\"\" alt=\"Orlando P\u00e9rez Ch\u00e1vez\" title=\"Orlando P\u00e9rez Ch\u00e1vez\" href=\"\" coords=\"1977,100,108\" shape=\"circle\">\n    <area target=\"\" alt=\"Daniela\" title=\"Daniela\" href=\"\" coords=\"388,174,98\" shape=\"circle\">\n<\/map>\n    <script>\n        function resizeMap() {\n            const img = document.querySelector('.responsive-img');\n            const areas = document.querySelectorAll('map area');\n            const originalWidth = 3200; \/\/ Ancho original de la imagen\n            const scaleFactor = img.clientWidth \/ originalWidth;\n\n            areas.forEach(area => {\n                const coords = area.coords.split(',').map(coord => Math.round(coord * scaleFactor));\n                area.coords = coords.join(',');\n            });\n        }\n\n        window.addEventListener('resize', resizeMap);\n        window.addEventListener('load', resizeMap);\n    <\/script>\n    <\/div>\n<!--  <img loading=\"lazy\" decoding=\"async\" width=\"2560\" height=\"1706\" class=\"wp-block-cover__image-background wp-image-328\" alt=\"Eguiluz y Asociados\" src=\"https:\/\/eguiluzasociados.mx\/wp-content\/uploads\/2024\/08\/Portada-scaled.jpeg\" style=\"object-position:50% 42%\" data-object-fit=\"cover\" data-object-position=\"50% 42%\" srcset=\"https:\/\/eguiluzasociados.mx\/wp-content\/uploads\/2024\/08\/Portada-scaled.jpeg 2560w, https:\/\/eguiluzasociados.mx\/wp-content\/uploads\/2024\/08\/Portada-300x200.jpeg 300w, https:\/\/eguiluzasociados.mx\/wp-content\/uploads\/2024\/08\/Portada-1024x682.jpeg 1024w, https:\/\/eguiluzasociados.mx\/wp-content\/uploads\/2024\/08\/Portada-768x512.jpeg 768w, https:\/\/eguiluzasociados.mx\/wp-content\/uploads\/2024\/08\/Portada-1536x1023.jpeg 1536w, https:\/\/eguiluzasociados.mx\/wp-content\/uploads\/2024\/08\/Portada-2048x1364.jpeg 2048w, https:\/\/eguiluzasociados.mx\/wp-content\/uploads\/2024\/08\/Portada-930x620.jpeg 930w\" sizes=\"auto, (max-width: 2560px) 100vw, 2560px\" \/> -->\n<!-- \/wp:post-content -->\n\n<!-- wp:buttons {\"layout\":{\"type\":\"flex\",\"justifyContent\":\"center\",\"verticalAlignment\":\"top\"}} -->\n<div class=\"wp-block-buttons\"><!-- wp:button {\"textAlign\":\"center\",\"width\":25,\"className\":\"is-style-default\",\"style\":{\"border\":{\"radius\":\"5px\",\"width\":\"0px\",\"style\":\"none\"},\"typography\":{\"letterSpacing\":\"10px\"}},\"fontSize\":\"medium\"} -->\n<!-- <div class=\"wp-block-button has-custom-width wp-block-button__width-25 has-custom-font-size is-style-default has-medium-font-size\" style=\"letter-spacing:10px\"><a class=\"wp-block-button__link has-text-align-center wp-element-button\" href=\"https:\/\/eguiluzasociados.mx\/?page_id=18\" style=\"border-style:none;border-width:0px;border-radius:5px\">CONTACTO<\/a><\/div> -->\n<!-- \/wp:button --><\/div>\n<!-- \/wp:buttons --><\/div><\/div>\n<!-- \/wp:cover -->\n\n<!-- wp:spacer {\"height\":\"80px\"} -->\n<!-- \/wp:spacer -->\n\n<!-- wp:columns -->\n<div class=\"wp-block-columns\"><!-- wp:column {\"verticalAlignment\":\"center\",\"style\":{\"border\":{\"width\":\"0px\",\"style\":\"none\"}}} -->\n<div class=\"wp-block-column is-vertically-aligned-center\" style=\"border-style:none;border-width:0px\"><!-- wp:image {\"id\":211,\"sizeSlug\":\"full\",\"linkDestination\":\"none\"} -->\n<figure class=\"wp-block-image size-full\"><img loading=\"lazy\" decoding=\"async\" width=\"427\" height=\"640\" src=\"https:\/\/eguiluzasociados.mx\/wp-content\/uploads\/2024\/08\/1UN8885.jpg\" alt=\"\" class=\"wp-image-211\" srcset=\"https:\/\/eguiluzasociados.mx\/wp-content\/uploads\/2024\/08\/1UN8885.jpg 427w, https:\/\/eguiluzasociados.mx\/wp-content\/uploads\/2024\/08\/1UN8885-200x300.jpg 200w\" sizes=\"auto, (max-width: 427px) 100vw, 427px\" \/><figcaption class=\"wp-element-caption\">Somos un grupo de abogados profesionales a su servicio.<\/figcaption><\/figure>\n<!-- \/wp:image --><\/div>\n<!-- \/wp:column -->\n\n<!-- wp:column {\"verticalAlignment\":\"center\"} -->\n<div class=\"wp-block-column is-vertically-aligned-center\"><!-- wp:embed {\"url\":\"https:\/\/youtu.be\/ZVa-y0eNIAE?si=u_LkaAW2f4QKCOl3\",\"type\":\"video\",\"providerNameSlug\":\"youtube\",\"responsive\":true,\"className\":\"wp-embed-aspect-16-9 wp-has-aspect-ratio\"} -->\n<figure class=\"wp-block-embed is-type-video is-provider-youtube wp-block-embed-youtube wp-embed-aspect-16-9 wp-has-aspect-ratio\"><div class=\"wp-block-embed__wrapper\">\n<div class=\"nv-iframe-embed\"><iframe loading=\"lazy\" title=\"Consultor\u00eda Jur\u00eddica: Eguiluz&amp;Asociados\" width=\"1200\" height=\"675\" src=\"https:\/\/www.youtube.com\/embed\/ZVa-y0eNIAE?feature=oembed\" frameborder=\"0\" allow=\"accelerometer; autoplay; clipboard-write; encrypted-media; gyroscope; picture-in-picture; web-share\" referrerpolicy=\"strict-origin-when-cross-origin\" allowfullscreen><\/iframe><\/div>\n<\/div><\/figure>\n<!-- \/wp:embed -->\n\n<!-- wp:html -->\n<figure class=\"wp-block-image size-full\"><img loading=\"lazy\" decoding=\"async\" width=\"664\" height=\"247\" src=\"https:\/\/eguiluzasociados.mx\/wp-content\/uploads\/2024\/09\/Logo_Eguiluz_transparente.png\" alt=\"\" style=\"margin: 20px 0px;\" class=\"wp-image-354\" srcset=\"https:\/\/eguiluzasociados.mx\/wp-content\/uploads\/2024\/09\/Logo_Eguiluz_transparente.png 664w, https:\/\/eguiluzasociados.mx\/wp-content\/uploads\/2024\/09\/Logo_Eguiluz_transparente-300x112.png 300w\" sizes=\"auto, (max-width: 664px) 100vw, 664px\" \/><\/figure>\n<!-- \/wp:html -->\n\n<!-- wp:paragraph -->\n<p><strong>Un grupo de profesionales expertos en el Derecho<\/strong>, preparados para asumir las mas grandes responsabilidades&nbsp;&nbsp;y satisfacer las expectativas de nuestros clientes, a trav\u00e9s de eficiencia, claridad y honestidad.<\/p>\n<!-- \/wp:paragraph --><\/div>\n<!-- \/wp:column --><\/div>\n<!-- \/wp:columns -->\n\n<!-- wp:columns -->\n<div class=\"wp-block-columns\"><!-- wp:column -->\n<div class=\"wp-block-column\"><!-- wp:heading {\"textAlign\":\"center\",\"level\":3,\"style\":{\"elements\":{\"link\":{\"color\":{\"text\":\"#192e59\"}}},\"color\":{\"text\":\"#192e59\"}}} -->\n<h3 class=\"wp-block-heading has-text-align-center has-text-color has-link-color\" style=\"color:#192e59\">MATERIA LABORAL<\/h3>\n<!-- \/wp:heading -->\n\n<!-- wp:image {\"lightbox\":{\"enabled\":false},\"id\":231,\"sizeSlug\":\"medium\",\"linkDestination\":\"custom\",\"align\":\"center\",\"style\":{\"border\":{\"radius\":\"10px\"}}} -->\n<figure class=\"wp-block-image aligncenter size-medium has-custom-border\"><a href=\"https:\/\/eguiluzasociados.mx\/?page_id=138\"><img loading=\"lazy\" decoding=\"async\" width=\"300\" height=\"300\" src=\"https:\/\/eguiluzasociados.mx\/wp-content\/uploads\/2024\/08\/Materia-Laboral-300x300.jpg\" alt=\"\" class=\"wp-image-231\" style=\"border-radius:10px\" srcset=\"https:\/\/eguiluzasociados.mx\/wp-content\/uploads\/2024\/08\/Materia-Laboral-300x300.jpg 300w, https:\/\/eguiluzasociados.mx\/wp-content\/uploads\/2024\/08\/Materia-Laboral-150x150.jpg 150w, https:\/\/eguiluzasociados.mx\/wp-content\/uploads\/2024\/08\/Materia-Laboral-768x768.jpg 768w, https:\/\/eguiluzasociados.mx\/wp-content\/uploads\/2024\/08\/Materia-Laboral.jpg 1024w\" sizes=\"auto, (max-width: 300px) 100vw, 300px\" \/><\/a><\/figure>\n<!-- \/wp:image --><\/div>\n<!-- \/wp:column -->\n\n<!-- wp:column -->\n<div class=\"wp-block-column\"><!-- wp:heading {\"textAlign\":\"center\",\"level\":3,\"style\":{\"elements\":{\"link\":{\"color\":{\"text\":\"#192e59\"}}},\"color\":{\"text\":\"#192e59\"}}} -->\n<h3 class=\"wp-block-heading has-text-align-center has-text-color has-link-color\" style=\"color:#192e59\">MATERIA AGRARIA<\/h3>\n<!-- \/wp:heading -->\n\n<!-- wp:image {\"lightbox\":{\"enabled\":false},\"id\":232,\"sizeSlug\":\"medium\",\"linkDestination\":\"custom\",\"align\":\"center\",\"style\":{\"border\":{\"radius\":\"10px\"}}} -->\n<figure class=\"wp-block-image aligncenter size-medium has-custom-border\"><a href=\"https:\/\/eguiluzasociados.mx\/?page_id=140\"><img loading=\"lazy\" decoding=\"async\" width=\"300\" height=\"300\" src=\"https:\/\/eguiluzasociados.mx\/wp-content\/uploads\/2024\/08\/Materia-Penal-300x300.jpg\" alt=\"\" class=\"wp-image-232\" style=\"border-radius:10px\" srcset=\"https:\/\/eguiluzasociados.mx\/wp-content\/uploads\/2024\/08\/Materia-Penal-300x300.jpg 300w, https:\/\/eguiluzasociados.mx\/wp-content\/uploads\/2024\/08\/Materia-Penal-150x150.jpg 150w, https:\/\/eguiluzasociados.mx\/wp-content\/uploads\/2024\/08\/Materia-Penal-768x768.jpg 768w, https:\/\/eguiluzasociados.mx\/wp-content\/uploads\/2024\/08\/Materia-Penal.jpg 1024w\" sizes=\"auto, (max-width: 300px) 100vw, 300px\" \/><\/a><\/figure>\n<!-- \/wp:image --><\/div>\n<!-- \/wp:column -->\n\n<!-- wp:column -->\n<div class=\"wp-block-column\"><!-- wp:heading {\"textAlign\":\"center\",\"level\":3,\"style\":{\"elements\":{\"link\":{\"color\":{\"text\":\"#192e59\"}}},\"color\":{\"text\":\"#192e59\"}}} -->\n<h3 class=\"wp-block-heading has-text-align-center has-text-color has-link-color\" style=\"color:#192e59\">MATERIA CIVIL<\/h3>\n<!-- \/wp:heading -->\n\n<!-- wp:image {\"lightbox\":{\"enabled\":false},\"id\":236,\"sizeSlug\":\"medium\",\"linkDestination\":\"custom\",\"align\":\"center\",\"style\":{\"border\":{\"radius\":\"10px\"}}} -->\n<figure class=\"wp-block-image aligncenter size-medium has-custom-border\"><a href=\"https:\/\/eguiluzasociados.mx\/?page_id=142\"><img loading=\"lazy\" decoding=\"async\" width=\"300\" height=\"300\" src=\"https:\/\/eguiluzasociados.mx\/wp-content\/uploads\/2024\/08\/Materia-Civil-300x300.jpg\" alt=\"\" class=\"wp-image-236\" style=\"border-radius:10px\" srcset=\"https:\/\/eguiluzasociados.mx\/wp-content\/uploads\/2024\/08\/Materia-Civil-300x300.jpg 300w, https:\/\/eguiluzasociados.mx\/wp-content\/uploads\/2024\/08\/Materia-Civil-150x150.jpg 150w, https:\/\/eguiluzasociados.mx\/wp-content\/uploads\/2024\/08\/Materia-Civil-768x768.jpg 768w, https:\/\/eguiluzasociados.mx\/wp-content\/uploads\/2024\/08\/Materia-Civil.jpg 1024w\" sizes=\"auto, (max-width: 300px) 100vw, 300px\" \/><\/a><\/figure>\n<!-- \/wp:image --><\/div>\n<!-- \/wp:column --><\/div>\n<!-- \/wp:columns -->\n\n<!-- wp:columns -->\n<div class=\"wp-block-columns\"><!-- wp:column -->\n<div class=\"wp-block-column\"><!-- wp:heading {\"textAlign\":\"center\",\"level\":3,\"style\":{\"elements\":{\"link\":{\"color\":{\"text\":\"#192e59\"}}},\"color\":{\"text\":\"#192e59\"}}} -->\n<h3 class=\"wp-block-heading has-text-align-center has-text-color has-link-color\" style=\"color:#192e59\">MATERIA FAMILIAR<\/h3>\n<!-- \/wp:heading -->\n\n<!-- wp:image {\"lightbox\":{\"enabled\":false},\"id\":234,\"sizeSlug\":\"medium\",\"linkDestination\":\"custom\",\"align\":\"center\",\"style\":{\"border\":{\"radius\":\"10px\"}}} -->\n<figure class=\"wp-block-image aligncenter size-medium has-custom-border\"><a href=\"https:\/\/eguiluzasociados.mx\/?page_id=144\"><img loading=\"lazy\" decoding=\"async\" width=\"300\" height=\"300\" src=\"https:\/\/eguiluzasociados.mx\/wp-content\/uploads\/2024\/08\/Materia-Familiar-300x300.jpg\" alt=\"\" class=\"wp-image-234\" style=\"border-radius:10px\" srcset=\"https:\/\/eguiluzasociados.mx\/wp-content\/uploads\/2024\/08\/Materia-Familiar-300x300.jpg 300w, https:\/\/eguiluzasociados.mx\/wp-content\/uploads\/2024\/08\/Materia-Familiar-150x150.jpg 150w, https:\/\/eguiluzasociados.mx\/wp-content\/uploads\/2024\/08\/Materia-Familiar-768x768.jpg 768w, https:\/\/eguiluzasociados.mx\/wp-content\/uploads\/2024\/08\/Materia-Familiar.jpg 1024w\" sizes=\"auto, (max-width: 300px) 100vw, 300px\" \/><\/a><\/figure>\n<!-- \/wp:image --><\/div>\n<!-- \/wp:column -->\n\n<!-- wp:column -->\n<div class=\"wp-block-column\"><!-- wp:heading {\"textAlign\":\"center\",\"level\":3,\"style\":{\"elements\":{\"link\":{\"color\":{\"text\":\"#192e59\"}}},\"color\":{\"text\":\"#192e59\"}}} -->\n<h3 class=\"wp-block-heading has-text-align-center has-text-color has-link-color\" style=\"color:#192e59\">MATERIA PENAL<\/h3>\n<!-- \/wp:heading -->\n\n<!-- wp:image {\"lightbox\":{\"enabled\":false},\"id\":235,\"sizeSlug\":\"medium\",\"linkDestination\":\"custom\",\"align\":\"center\",\"style\":{\"border\":{\"radius\":\"10px\"}}} -->\n<figure class=\"wp-block-image aligncenter size-medium has-custom-border\"><a href=\"https:\/\/eguiluzasociados.mx\/?page_id=146\"><img loading=\"lazy\" decoding=\"async\" width=\"300\" height=\"300\" src=\"https:\/\/eguiluzasociados.mx\/wp-content\/uploads\/2024\/08\/Materia-Penal-1-300x300.jpg\" alt=\"\" class=\"wp-image-235\" style=\"border-radius:10px\" srcset=\"https:\/\/eguiluzasociados.mx\/wp-content\/uploads\/2024\/08\/Materia-Penal-1-300x300.jpg 300w, https:\/\/eguiluzasociados.mx\/wp-content\/uploads\/2024\/08\/Materia-Penal-1-150x150.jpg 150w, https:\/\/eguiluzasociados.mx\/wp-content\/uploads\/2024\/08\/Materia-Penal-1-768x768.jpg 768w, https:\/\/eguiluzasociados.mx\/wp-content\/uploads\/2024\/08\/Materia-Penal-1.jpg 1024w\" sizes=\"auto, (max-width: 300px) 100vw, 300px\" \/><\/a><\/figure>\n<!-- \/wp:image --><\/div>\n<!-- \/wp:column -->\n\n<!-- wp:column -->\n<div class=\"wp-block-column\"><!-- wp:heading {\"textAlign\":\"center\",\"level\":3,\"style\":{\"elements\":{\"link\":{\"color\":{\"text\":\"#192e59\"}}},\"color\":{\"text\":\"#192e59\"}}} -->\n<h3 class=\"wp-block-heading has-text-align-center has-text-color has-link-color\" style=\"color:#192e59\">MATERIA MERCANTIL<\/h3>\n<!-- \/wp:heading -->\n\n<!-- wp:image {\"lightbox\":{\"enabled\":false},\"id\":233,\"sizeSlug\":\"medium\",\"linkDestination\":\"custom\",\"align\":\"center\",\"style\":{\"border\":{\"radius\":\"10px\"}}} -->\n<figure class=\"wp-block-image aligncenter size-medium has-custom-border\"><a href=\"https:\/\/eguiluzasociados.mx\/?page_id=148\"><img loading=\"lazy\" decoding=\"async\" width=\"300\" height=\"300\" src=\"https:\/\/eguiluzasociados.mx\/wp-content\/uploads\/2024\/08\/Materia-Mercantil2-300x300.jpg\" alt=\"\" class=\"wp-image-233\" style=\"border-radius:10px\" srcset=\"https:\/\/eguiluzasociados.mx\/wp-content\/uploads\/2024\/08\/Materia-Mercantil2-300x300.jpg 300w, https:\/\/eguiluzasociados.mx\/wp-content\/uploads\/2024\/08\/Materia-Mercantil2-150x150.jpg 150w, https:\/\/eguiluzasociados.mx\/wp-content\/uploads\/2024\/08\/Materia-Mercantil2-768x768.jpg 768w, https:\/\/eguiluzasociados.mx\/wp-content\/uploads\/2024\/08\/Materia-Mercantil2.jpg 1024w\" sizes=\"auto, (max-width: 300px) 100vw, 300px\" \/><\/a><\/figure>\n<!-- \/wp:image --><\/div>\n<!-- \/wp:column --><\/div>\n<!-- \/wp:columns -->\n\n<!-- wp:columns -->\n<div class=\"wp-block-columns\"><!-- wp:column -->\n<div class=\"wp-block-column\"><\/div>\n<!-- \/wp:column -->\n\n<!-- wp:column -->\n<div class=\"wp-block-column\"><!-- wp:heading {\"textAlign\":\"center\",\"level\":3,\"style\":{\"elements\":{\"link\":{\"color\":{\"text\":\"#192e59\"}}},\"color\":{\"text\":\"#192e59\"}}} -->\n<h3 class=\"wp-block-heading has-text-align-center has-text-color has-link-color\" style=\"color:#192e59\">MATERIA BUROCR\u00c1TICA<\/h3>\n<!-- \/wp:heading -->\n\n<!-- wp:image {\"lightbox\":{\"enabled\":false},\"id\":352,\"sizeSlug\":\"full\",\"linkDestination\":\"custom\"} -->\n<figure class=\"wp-block-image size-full\"><a href=\"https:\/\/eguiluzasociados.mx\/?page_id=367\"><img loading=\"lazy\" decoding=\"async\" width=\"1024\" height=\"1024\" src=\"https:\/\/eguiluzasociados.mx\/wp-content\/uploads\/2024\/09\/Materia-Burocratica.png\" alt=\"\" class=\"wp-image-352\" srcset=\"https:\/\/eguiluzasociados.mx\/wp-content\/uploads\/2024\/09\/Materia-Burocratica.png 1024w, https:\/\/eguiluzasociados.mx\/wp-content\/uploads\/2024\/09\/Materia-Burocratica-300x300.png 300w, https:\/\/eguiluzasociados.mx\/wp-content\/uploads\/2024\/09\/Materia-Burocratica-150x150.png 150w, https:\/\/eguiluzasociados.mx\/wp-content\/uploads\/2024\/09\/Materia-Burocratica-768x768.png 768w\" sizes=\"auto, (max-width: 1024px) 100vw, 1024px\" \/><\/a><\/figure>\n<!-- \/wp:image --><\/div>\n<!-- \/wp:column -->\n\n<!-- wp:column -->\n<div class=\"wp-block-column\"><\/div>\n<!-- \/wp:column --><\/div>\n<!-- \/wp:columns -->\n\n<!-- wp:spacer {\"height\":\"80px\"} -->\n<div style=\"height:80px\" aria-hidden=\"true\" class=\"wp-block-spacer\"><\/div>\n<!-- \/wp:spacer -->\n\n<!-- wp:cover {\"overlayColor\":\"nv-light-bg\",\"isUserOverlayColor\":true,\"minHeight\":600,\"align\":\"full\",\"className\":\"is-light\"} -->\n<div class=\"wp-block-cover alignfull is-light\" style=\"min-height:600px\"><span aria-hidden=\"true\" class=\"wp-block-cover__background has-nv-light-bg-background-color has-background-dim-100 has-background-dim\"><\/span><div class=\"wp-block-cover__inner-container\"><!-- wp:spacer {\"height\":\"42px\"} -->\n<div style=\"height:42px\" aria-hidden=\"true\" class=\"wp-block-spacer\"><\/div>\n<!-- \/wp:spacer -->\n\n<!-- wp:paragraph {\"align\":\"center\",\"placeholder\":\"Escribe el t\u00edtulo\u2026\",\"fontSize\":\"large\"} -->\n<p class=\"has-text-align-center has-large-font-size\"><strong>ART\u00cdCULOS DE INTER\u00c9S<\/strong><\/p>\n<!-- \/wp:paragraph -->\n\n<!-- wp:latest-posts {\"postsToShow\":3,\"displayPostContent\":true,\"excerptLength\":35,\"displayPostDate\":true,\"postLayout\":\"grid\",\"displayFeaturedImage\":true,\"featuredImageSizeSlug\":\"medium\",\"addLinkToFeaturedImage\":true,\"align\":\"left\"} \/--><\/div><\/div>\n<!-- \/wp:cover -->","protected":false},"excerpt":{"rendered":"<p>Brindamos Asesor\u00eda y Representaci\u00f3n Jur\u00eddica en diversas materias, siendo especialistas en \u00e1rea Laboral CONTACTO Somos un grupo de abogados profesionales a su servicio. Un grupo de profesionales expertos en el Derecho, preparados para asumir las mas grandes responsabilidades&nbsp;&nbsp;y satisfacer las expectativas de nuestros clientes, a trav\u00e9s de eficiencia, claridad y honestidad. MATERIA LABORAL MATERIA AGRARIA&hellip;&nbsp;<a href=\"https:\/\/eguiluzasociados.mx\/\" rel=\"bookmark\">Leer m\u00e1s &raquo;<span class=\"screen-reader-text\">Inicio<\/span><\/a><\/p>\n","protected":false},"author":1,"featured_media":0,"parent":0,"menu_order":0,"comment_status":"closed","ping_status":"closed","template":"","meta":{"neve_meta_sidebar":"","neve_meta_container":"default","neve_meta_enable_content_width":"on","neve_meta_content_width":100,"neve_meta_title_alignment":"","neve_meta_author_avatar":"","neve_post_elements_order":"","neve_meta_disable_header":"","neve_meta_disable_footer":"","neve_meta_disable_title":"on","footnotes":""},"class_list":["post-16","page","type-page","status-publish","hentry"],"_links":{"self":[{"href":"https:\/\/eguiluzasociados.mx\/index.php?rest_route=\/wp\/v2\/pages\/16","targetHints":{"allow":["GET"]}}],"collection":[{"href":"https:\/\/eguiluzasociados.mx\/index.php?rest_route=\/wp\/v2\/pages"}],"about":[{"href":"https:\/\/eguiluzasociados.mx\/index.php?rest_route=\/wp\/v2\/types\/page"}],"author":[{"embeddable":true,"href":"https:\/\/eguiluzasociados.mx\/index.php?rest_route=\/wp\/v2\/users\/1"}],"replies":[{"embeddable":true,"href":"https:\/\/eguiluzasociados.mx\/index.php?rest_route=%2Fwp%2Fv2%2Fcomments&post=16"}],"version-history":[{"count":87,"href":"https:\/\/eguiluzasociados.mx\/index.php?rest_route=\/wp\/v2\/pages\/16\/revisions"}],"predecessor-version":[{"id":672,"href":"https:\/\/eguiluzasociados.mx\/index.php?rest_route=\/wp\/v2\/pages\/16\/revisions\/672"}],"wp:attachment":[{"href":"https:\/\/eguiluzasociados.mx\/index.php?rest_route=%2Fwp%2Fv2%2Fmedia&parent=16"}],"curies":[{"name":"wp","href":"https:\/\/api.w.org\/{rel}","templated":true}]}}